{"id":6,"date":"2019-01-17T08:16:07","date_gmt":"2019-01-17T08:16:07","guid":{"rendered":"http:\/\/blue-marevillas.codibee.solutions\/facilities\/"},"modified":"2025-06-06T15:18:31","modified_gmt":"2025-06-06T15:18:31","slug":"villas-facilities","status":"publish","type":"page","link":"https:\/\/www.bluemarevillas.com\/it\/villas-facilities\/","title":{"rendered":"Servizi"},"content":{"rendered":"<p>Tutte le case vacanza sono state costruite rispettando i principi architettonici tradizionali e l\u2019eredit\u00e0 Ciclade, senza tuttavia mancare di servizi moderni, e al contempo offrendo servizi di qualit\u00e0 in una atmosfera accogliente. La parte interna delle case vacanza si rif\u00e0 allo stesso concetto.<\/p>\n<p>Tutte le case vacanza sono attrezzate e rifinite in modo da soddisfare al massimo le esigenze dei nostri clienti. Dispongono di verande private in cui \u00e8 possibile rilassarsi e godere a pieno del sole e della splendida vista sulla baia di Naoussa. Fornire un ottimo servizio e soddisfare completamente i nostri clienti sono la nostra priorit\u00e0.<\/p>\n<p>Check in:\u00a015:00<br \/>\nCheck out:\u00a011:00<\/p>\n<h2>Servizi<\/h2>\n<p>\u2022 Servizio di pulizia giornaliero<br \/>\n\u2022 Cambio di lenzuola e asciugamani ogni due notti<br \/>\n\u2022 Parcheggio gratuito<br \/>\n\u2022 Servizio di invio \/ ricezione fax, fotocopiatrice<br \/>\n\u2022\u00a0Deposito bagagli al momento della partenza<br \/>\n\u2022 Informazioni utili per ogni ospite<br \/>\n\u2022 Trasferimento da \/ per il porto \/ aeroporto su richiesta (a pagamento)<br \/>\n\u2022\u00a0Colazione gratuita<br \/>\n\u2022 Wifi gratuito<br \/>\n\u2022 Servizio in camera 12h<br \/>\n\u2022 Trasporto bagagli<\/p>\n<h2>Servizi su richiesta (a pagamento)<\/h2>\n<p>\u2022 Noleggio auto, moto, bicicletta<br \/>\n\u2022 Noleggio auto di lusso con o senza autista<br \/>\n\u2022 Massaggio e aromaterapia<br \/>\n\u2022 Servizi per bambini<br \/>\n\u2022 Escursioni e visite guidate dell&#8217;isola<br \/>\n\u2022\u00a0Cuoco \u2013 chef<br \/>\n\u2022 Cena su richiesta<br \/>\n\u2022\u00a0Giornale a vostra scelta (si paga solo il costo del giornale)<br \/>\n\u2022 Servizio parrucchiere &#8211; manicure &#8211; pedicure<br \/>\n\u2022 Servizio di lavanderia &#8211; stireria<br \/>\n\u2022\u00a0Visita medica su richiesta<br \/>\n\u2022 Prima colazione in camera<br \/>\n\u2022 Pulizia extra su richiesta<br \/>\n\u2022\u00a0Cambio extra biancheria o asciugamani su richiesta<\/p>\n<h3>Attivit\u00e0<\/h3>\n<p>Possiamo organizzare per voi le seguenti attivit\u00e0 sull&#8217;isola.<br \/>\nTutte le attivit\u00e0 sono disponibili su richiesta e ad un costo aggiuntivo.<br \/>\n\u2022 Canoa<br \/>\n\u2022 Sci d&#8217;acqua<br \/>\n\u2022 Crociere giornaliere<br \/>\n\u2022 Andare in mountain bike<br \/>\n\u2022 Kite surf<br \/>\n\u2022 Immersioni in subacquea<br \/>\n\u2022 Scuola di equitazione<br \/>\n\u2022 Corsi di pilates, yoga<br \/>\n\u2022 Parco con scivoli<br \/>\n\u2022 Escursionismo<br \/>\n\u2022 Pesca<\/p>\n<p><br><br><div class=\"gallery clearfix\"><div class=\"grid-sizer\"><\/div><dl class=\"gallery-item\"><dt class=\"gallery-icon\"><a href=\"https:\/\/www.bluemarevillas.com\/wp-content\/uploads\/sites\/354\/2020\/02\/votsalo-blue-mare-outdoor-jacuzzi-1024x686.jpg\"><img loading=\"lazy\" decoding=\"async\" width=\"320\" height=\"214\" src=\"https:\/\/www.bluemarevillas.com\/wp-content\/uploads\/sites\/354\/2020\/02\/votsalo-blue-mare-outdoor-jacuzzi-320x214.jpg\" class=\"attachment-small-mobile size-small-mobile\" alt=\"\" srcset=\"https:\/\/www.bluemarevillas.com\/wp-content\/uploads\/sites\/354\/2020\/02\/votsalo-blue-mare-outdoor-jacuzzi-320x214.jpg 320w, https:\/\/www.bluemarevillas.com\/wp-content\/uploads\/sites\/354\/2020\/02\/votsalo-blue-mare-outdoor-jacuzzi-300x201.jpg 300w, https:\/\/www.bluemarevillas.com\/wp-content\/uploads\/sites\/354\/2020\/02\/votsalo-blue-mare-outdoor-jacuzzi-1024x686.jpg 1024w, https:\/\/www.bluemarevillas.com\/wp-content\/uploads\/sites\/354\/2020\/02\/votsalo-blue-mare-outdoor-jacuzzi-1280x857.jpg 1280w, https:\/\/www.bluemarevillas.com\/wp-content\/uploads\/sites\/354\/2020\/02\/votsalo-blue-mare-outdoor-jacuzzi-680x455.jpg 680w, https:\/\/www.bluemarevillas.com\/wp-content\/uploads\/sites\/354\/2020\/02\/votsalo-blue-mare-outdoor-jacuzzi-1920x1286.jpg 1920w, https:\/\/www.bluemarevillas.com\/wp-content\/uploads\/sites\/354\/2020\/02\/votsalo-blue-mare-outdoor-jacuzzi.jpg 1990w\" sizes=\"auto, (max-width: 320px) 100vw, 320px\" \/><\/a><\/dt><\/dl><dl class=\"gallery-item\"><dt class=\"gallery-icon\"><a href=\"https:\/\/www.bluemarevillas.com\/wp-content\/uploads\/sites\/354\/2019\/03\/vrachos-villa-vlue-mare-private-jacuzzi-1024x686.jpg\"><img loading=\"lazy\" decoding=\"async\" width=\"320\" height=\"214\" src=\"https:\/\/www.bluemarevillas.com\/wp-content\/uploads\/sites\/354\/2019\/03\/vrachos-villa-vlue-mare-private-jacuzzi-320x214.jpg\" class=\"attachment-small-mobile size-small-mobile\" alt=\"\" srcset=\"https:\/\/www.bluemarevillas.com\/wp-content\/uploads\/sites\/354\/2019\/03\/vrachos-villa-vlue-mare-private-jacuzzi-320x214.jpg 320w, https:\/\/www.bluemarevillas.com\/wp-content\/uploads\/sites\/354\/2019\/03\/vrachos-villa-vlue-mare-private-jacuzzi-300x201.jpg 300w, https:\/\/www.bluemarevillas.com\/wp-content\/uploads\/sites\/354\/2019\/03\/vrachos-villa-vlue-mare-private-jacuzzi-1024x686.jpg 1024w, https:\/\/www.bluemarevillas.com\/wp-content\/uploads\/sites\/354\/2019\/03\/vrachos-villa-vlue-mare-private-jacuzzi-1280x857.jpg 1280w, https:\/\/www.bluemarevillas.com\/wp-content\/uploads\/sites\/354\/2019\/03\/vrachos-villa-vlue-mare-private-jacuzzi-680x455.jpg 680w, https:\/\/www.bluemarevillas.com\/wp-content\/uploads\/sites\/354\/2019\/03\/vrachos-villa-vlue-mare-private-jacuzzi-1920x1286.jpg 1920w, https:\/\/www.bluemarevillas.com\/wp-content\/uploads\/sites\/354\/2019\/03\/vrachos-villa-vlue-mare-private-jacuzzi.jpg 1990w\" sizes=\"auto, (max-width: 320px) 100vw, 320px\" \/><\/a><\/dt><\/dl><dl class=\"gallery-item\"><dt class=\"gallery-icon\"><a href=\"https:\/\/www.bluemarevillas.com\/wp-content\/uploads\/sites\/354\/2020\/02\/votsalo-blue-mare-veranda-1024x686.jpg\"><img loading=\"lazy\" decoding=\"async\" width=\"320\" height=\"214\" src=\"https:\/\/www.bluemarevillas.com\/wp-content\/uploads\/sites\/354\/2020\/02\/votsalo-blue-mare-veranda-320x214.jpg\" class=\"attachment-small-mobile size-small-mobile\" alt=\"\" srcset=\"https:\/\/www.bluemarevillas.com\/wp-content\/uploads\/sites\/354\/2020\/02\/votsalo-blue-mare-veranda-320x214.jpg 320w, https:\/\/www.bluemarevillas.com\/wp-content\/uploads\/sites\/354\/2020\/02\/votsalo-blue-mare-veranda-300x201.jpg 300w, https:\/\/www.bluemarevillas.com\/wp-content\/uploads\/sites\/354\/2020\/02\/votsalo-blue-mare-veranda-1024x686.jpg 1024w, https:\/\/www.bluemarevillas.com\/wp-content\/uploads\/sites\/354\/2020\/02\/votsalo-blue-mare-veranda-1280x857.jpg 1280w, https:\/\/www.bluemarevillas.com\/wp-content\/uploads\/sites\/354\/2020\/02\/votsalo-blue-mare-veranda-680x455.jpg 680w, https:\/\/www.bluemarevillas.com\/wp-content\/uploads\/sites\/354\/2020\/02\/votsalo-blue-mare-veranda-1920x1286.jpg 1920w, https:\/\/www.bluemarevillas.com\/wp-content\/uploads\/sites\/354\/2020\/02\/votsalo-blue-mare-veranda.jpg 1990w\" sizes=\"auto, (max-width: 320px) 100vw, 320px\" \/><\/a><\/dt><\/dl><dl class=\"gallery-item\"><dt class=\"gallery-icon\"><a href=\"https:\/\/www.bluemarevillas.com\/wp-content\/uploads\/sites\/354\/2020\/02\/votsalo-blue-mare-jacuzzi-1024x686.jpg\"><img loading=\"lazy\" decoding=\"async\" width=\"320\" height=\"214\" src=\"https:\/\/www.bluemarevillas.com\/wp-content\/uploads\/sites\/354\/2020\/02\/votsalo-blue-mare-jacuzzi-320x214.jpg\" class=\"attachment-small-mobile size-small-mobile\" alt=\"\" srcset=\"https:\/\/www.bluemarevillas.com\/wp-content\/uploads\/sites\/354\/2020\/02\/votsalo-blue-mare-jacuzzi-320x214.jpg 320w, https:\/\/www.bluemarevillas.com\/wp-content\/uploads\/sites\/354\/2020\/02\/votsalo-blue-mare-jacuzzi-300x201.jpg 300w, https:\/\/www.bluemarevillas.com\/wp-content\/uploads\/sites\/354\/2020\/02\/votsalo-blue-mare-jacuzzi-1024x686.jpg 1024w, https:\/\/www.bluemarevillas.com\/wp-content\/uploads\/sites\/354\/2020\/02\/votsalo-blue-mare-jacuzzi-1280x857.jpg 1280w, https:\/\/www.bluemarevillas.com\/wp-content\/uploads\/sites\/354\/2020\/02\/votsalo-blue-mare-jacuzzi-680x455.jpg 680w, https:\/\/www.bluemarevillas.com\/wp-content\/uploads\/sites\/354\/2020\/02\/votsalo-blue-mare-jacuzzi-1920x1286.jpg 1920w, https:\/\/www.bluemarevillas.com\/wp-content\/uploads\/sites\/354\/2020\/02\/votsalo-blue-mare-jacuzzi.jpg 1990w\" sizes=\"auto, (max-width: 320px) 100vw, 320px\" \/><\/a><\/dt><\/dl><dl class=\"gallery-item\"><dt class=\"gallery-icon\"><a href=\"https:\/\/www.bluemarevillas.com\/wp-content\/uploads\/sites\/354\/2019\/03\/vrachos-villa-vlue-mare-exterior-jacuzzi-1024x686.jpg\"><img loading=\"lazy\" decoding=\"async\" width=\"320\" height=\"214\" src=\"https:\/\/www.bluemarevillas.com\/wp-content\/uploads\/sites\/354\/2019\/03\/vrachos-villa-vlue-mare-exterior-jacuzzi-320x214.jpg\" class=\"attachment-small-mobile size-small-mobile\" alt=\"\" srcset=\"https:\/\/www.bluemarevillas.com\/wp-content\/uploads\/sites\/354\/2019\/03\/vrachos-villa-vlue-mare-exterior-jacuzzi-320x214.jpg 320w, https:\/\/www.bluemarevillas.com\/wp-content\/uploads\/sites\/354\/2019\/03\/vrachos-villa-vlue-mare-exterior-jacuzzi-300x201.jpg 300w, https:\/\/www.bluemarevillas.com\/wp-content\/uploads\/sites\/354\/2019\/03\/vrachos-villa-vlue-mare-exterior-jacuzzi-1024x686.jpg 1024w, https:\/\/www.bluemarevillas.com\/wp-content\/uploads\/sites\/354\/2019\/03\/vrachos-villa-vlue-mare-exterior-jacuzzi-1280x857.jpg 1280w, https:\/\/www.bluemarevillas.com\/wp-content\/uploads\/sites\/354\/2019\/03\/vrachos-villa-vlue-mare-exterior-jacuzzi-680x455.jpg 680w, https:\/\/www.bluemarevillas.com\/wp-content\/uploads\/sites\/354\/2019\/03\/vrachos-villa-vlue-mare-exterior-jacuzzi-1920x1286.jpg 1920w, https:\/\/www.bluemarevillas.com\/wp-content\/uploads\/sites\/354\/2019\/03\/vrachos-villa-vlue-mare-exterior-jacuzzi.jpg 1990w\" sizes=\"auto, (max-width: 320px) 100vw, 320px\" \/><\/a><\/dt><\/dl><dl class=\"gallery-item\"><dt class=\"gallery-icon\"><a href=\"https:\/\/www.bluemarevillas.com\/wp-content\/uploads\/sites\/354\/2019\/03\/vrachos-villa-vlue-mare-jacuzzi-1024x686.jpg\"><img loading=\"lazy\" decoding=\"async\" width=\"320\" height=\"214\" src=\"https:\/\/www.bluemarevillas.com\/wp-content\/uploads\/sites\/354\/2019\/03\/vrachos-villa-vlue-mare-jacuzzi-320x214.jpg\" class=\"attachment-small-mobile size-small-mobile\" alt=\"\" srcset=\"https:\/\/www.bluemarevillas.com\/wp-content\/uploads\/sites\/354\/2019\/03\/vrachos-villa-vlue-mare-jacuzzi-320x214.jpg 320w, https:\/\/www.bluemarevillas.com\/wp-content\/uploads\/sites\/354\/2019\/03\/vrachos-villa-vlue-mare-jacuzzi-300x201.jpg 300w, https:\/\/www.bluemarevillas.com\/wp-content\/uploads\/sites\/354\/2019\/03\/vrachos-villa-vlue-mare-jacuzzi-1024x686.jpg 1024w, https:\/\/www.bluemarevillas.com\/wp-content\/uploads\/sites\/354\/2019\/03\/vrachos-villa-vlue-mare-jacuzzi-1280x857.jpg 1280w, https:\/\/www.bluemarevillas.com\/wp-content\/uploads\/sites\/354\/2019\/03\/vrachos-villa-vlue-mare-jacuzzi-680x455.jpg 680w, https:\/\/www.bluemarevillas.com\/wp-content\/uploads\/sites\/354\/2019\/03\/vrachos-villa-vlue-mare-jacuzzi-1920x1286.jpg 1920w, https:\/\/www.bluemarevillas.com\/wp-content\/uploads\/sites\/354\/2019\/03\/vrachos-villa-vlue-mare-jacuzzi.jpg 1990w\" sizes=\"auto, (max-width: 320px) 100vw, 320px\" \/><\/a><\/dt><\/dl><dl class=\"gallery-item\"><dt class=\"gallery-icon\"><a href=\"https:\/\/www.bluemarevillas.com\/wp-content\/uploads\/sites\/354\/2019\/03\/villa-thalassa-blue-mare-veranda-1024x686.jpg\"><img loading=\"lazy\" decoding=\"async\" width=\"320\" height=\"214\" src=\"https:\/\/www.bluemarevillas.com\/wp-content\/uploads\/sites\/354\/2019\/03\/villa-thalassa-blue-mare-veranda-320x214.jpg\" class=\"attachment-small-mobile size-small-mobile\" alt=\"\" srcset=\"https:\/\/www.bluemarevillas.com\/wp-content\/uploads\/sites\/354\/2019\/03\/villa-thalassa-blue-mare-veranda-320x214.jpg 320w, https:\/\/www.bluemarevillas.com\/wp-content\/uploads\/sites\/354\/2019\/03\/villa-thalassa-blue-mare-veranda-300x201.jpg 300w, https:\/\/www.bluemarevillas.com\/wp-content\/uploads\/sites\/354\/2019\/03\/villa-thalassa-blue-mare-veranda-1024x686.jpg 1024w, https:\/\/www.bluemarevillas.com\/wp-content\/uploads\/sites\/354\/2019\/03\/villa-thalassa-blue-mare-veranda-1280x857.jpg 1280w, https:\/\/www.bluemarevillas.com\/wp-content\/uploads\/sites\/354\/2019\/03\/villa-thalassa-blue-mare-veranda-680x455.jpg 680w, https:\/\/www.bluemarevillas.com\/wp-content\/uploads\/sites\/354\/2019\/03\/villa-thalassa-blue-mare-veranda-1920x1286.jpg 1920w, https:\/\/www.bluemarevillas.com\/wp-content\/uploads\/sites\/354\/2019\/03\/villa-thalassa-blue-mare-veranda.jpg 1990w\" sizes=\"auto, (max-width: 320px) 100vw, 320px\" \/><\/a><\/dt><\/dl><dl class=\"gallery-item\"><dt class=\"gallery-icon\"><a href=\"https:\/\/www.bluemarevillas.com\/wp-content\/uploads\/sites\/354\/2019\/03\/villa-thalassa-blue-mare-balcony-1024x686.jpg\"><img loading=\"lazy\" decoding=\"async\" width=\"320\" height=\"214\" src=\"https:\/\/www.bluemarevillas.com\/wp-content\/uploads\/sites\/354\/2019\/03\/villa-thalassa-blue-mare-balcony-320x214.jpg\" class=\"attachment-small-mobile size-small-mobile\" alt=\"\" srcset=\"https:\/\/www.bluemarevillas.com\/wp-content\/uploads\/sites\/354\/2019\/03\/villa-thalassa-blue-mare-balcony-320x214.jpg 320w, https:\/\/www.bluemarevillas.com\/wp-content\/uploads\/sites\/354\/2019\/03\/villa-thalassa-blue-mare-balcony-300x201.jpg 300w, https:\/\/www.bluemarevillas.com\/wp-content\/uploads\/sites\/354\/2019\/03\/villa-thalassa-blue-mare-balcony-1024x686.jpg 1024w, https:\/\/www.bluemarevillas.com\/wp-content\/uploads\/sites\/354\/2019\/03\/villa-thalassa-blue-mare-balcony-1280x857.jpg 1280w, https:\/\/www.bluemarevillas.com\/wp-content\/uploads\/sites\/354\/2019\/03\/villa-thalassa-blue-mare-balcony-680x455.jpg 680w, https:\/\/www.bluemarevillas.com\/wp-content\/uploads\/sites\/354\/2019\/03\/villa-thalassa-blue-mare-balcony-1920x1286.jpg 1920w, https:\/\/www.bluemarevillas.com\/wp-content\/uploads\/sites\/354\/2019\/03\/villa-thalassa-blue-mare-balcony.jpg 1990w\" sizes=\"auto, (max-width: 320px) 100vw, 320px\" \/><\/a><\/dt><\/dl><dl class=\"gallery-item\"><dt class=\"gallery-icon\"><a href=\"https:\/\/www.bluemarevillas.com\/wp-content\/uploads\/sites\/354\/2019\/03\/villa-thalassa-blue-mare-amenities-1024x686.jpg\"><img loading=\"lazy\" decoding=\"async\" width=\"320\" height=\"214\" src=\"https:\/\/www.bluemarevillas.com\/wp-content\/uploads\/sites\/354\/2019\/03\/villa-thalassa-blue-mare-amenities-320x214.jpg\" class=\"attachment-small-mobile size-small-mobile\" alt=\"\" srcset=\"https:\/\/www.bluemarevillas.com\/wp-content\/uploads\/sites\/354\/2019\/03\/villa-thalassa-blue-mare-amenities-320x214.jpg 320w, https:\/\/www.bluemarevillas.com\/wp-content\/uploads\/sites\/354\/2019\/03\/villa-thalassa-blue-mare-amenities-300x201.jpg 300w, https:\/\/www.bluemarevillas.com\/wp-content\/uploads\/sites\/354\/2019\/03\/villa-thalassa-blue-mare-amenities-1024x686.jpg 1024w, https:\/\/www.bluemarevillas.com\/wp-content\/uploads\/sites\/354\/2019\/03\/villa-thalassa-blue-mare-amenities-1280x858.jpg 1280w, https:\/\/www.bluemarevillas.com\/wp-content\/uploads\/sites\/354\/2019\/03\/villa-thalassa-blue-mare-amenities-680x456.jpg 680w, https:\/\/www.bluemarevillas.com\/wp-content\/uploads\/sites\/354\/2019\/03\/villa-thalassa-blue-mare-amenities-1920x1286.jpg 1920w, https:\/\/www.bluemarevillas.com\/wp-content\/uploads\/sites\/354\/2019\/03\/villa-thalassa-blue-mare-amenities.jpg 1991w\" sizes=\"auto, (max-width: 320px) 100vw, 320px\" \/><\/a><\/dt><\/dl><dl class=\"gallery-item\"><dt class=\"gallery-icon\"><a href=\"https:\/\/www.bluemarevillas.com\/wp-content\/uploads\/sites\/354\/2019\/01\/facilities-blue-mare-villas-the-jacuzzi-1024x683.jpg\"><img loading=\"lazy\" decoding=\"async\" width=\"320\" height=\"213\" src=\"https:\/\/www.bluemarevillas.com\/wp-content\/uploads\/sites\/354\/2019\/01\/facilities-blue-mare-villas-the-jacuzzi-320x213.jpg\" class=\"attachment-small-mobile size-small-mobile\" alt=\"ammos villa jacuzzi\" srcset=\"https:\/\/www.bluemarevillas.com\/wp-content\/uploads\/sites\/354\/2019\/01\/facilities-blue-mare-villas-the-jacuzzi-320x213.jpg 320w, https:\/\/www.bluemarevillas.com\/wp-content\/uploads\/sites\/354\/2019\/01\/facilities-blue-mare-villas-the-jacuzzi-300x200.jpg 300w, https:\/\/www.bluemarevillas.com\/wp-content\/uploads\/sites\/354\/2019\/01\/facilities-blue-mare-villas-the-jacuzzi-1024x683.jpg 1024w, https:\/\/www.bluemarevillas.com\/wp-content\/uploads\/sites\/354\/2019\/01\/facilities-blue-mare-villas-the-jacuzzi-1280x853.jpg 1280w, https:\/\/www.bluemarevillas.com\/wp-content\/uploads\/sites\/354\/2019\/01\/facilities-blue-mare-villas-the-jacuzzi-680x453.jpg 680w, https:\/\/www.bluemarevillas.com\/wp-content\/uploads\/sites\/354\/2019\/01\/facilities-blue-mare-villas-the-jacuzzi-1920x1280.jpg 1920w\" sizes=\"auto, (max-width: 320px) 100vw, 320px\" \/><\/a><\/dt><\/dl><dl class=\"gallery-item\"><dt class=\"gallery-icon\"><a href=\"https:\/\/www.bluemarevillas.com\/wp-content\/uploads\/sites\/354\/2019\/01\/facilities-blue-mare-villas-jacuzzi-1024x683.jpg\"><img loading=\"lazy\" decoding=\"async\" width=\"320\" height=\"213\" src=\"https:\/\/www.bluemarevillas.com\/wp-content\/uploads\/sites\/354\/2019\/01\/facilities-blue-mare-villas-jacuzzi-320x213.jpg\" class=\"attachment-small-mobile size-small-mobile\" alt=\"Asterias jacuzzi\" srcset=\"https:\/\/www.bluemarevillas.com\/wp-content\/uploads\/sites\/354\/2019\/01\/facilities-blue-mare-villas-jacuzzi-320x213.jpg 320w, https:\/\/www.bluemarevillas.com\/wp-content\/uploads\/sites\/354\/2019\/01\/facilities-blue-mare-villas-jacuzzi-300x200.jpg 300w, https:\/\/www.bluemarevillas.com\/wp-content\/uploads\/sites\/354\/2019\/01\/facilities-blue-mare-villas-jacuzzi-1024x683.jpg 1024w, https:\/\/www.bluemarevillas.com\/wp-content\/uploads\/sites\/354\/2019\/01\/facilities-blue-mare-villas-jacuzzi-1280x853.jpg 1280w, https:\/\/www.bluemarevillas.com\/wp-content\/uploads\/sites\/354\/2019\/01\/facilities-blue-mare-villas-jacuzzi-680x453.jpg 680w, https:\/\/www.bluemarevillas.com\/wp-content\/uploads\/sites\/354\/2019\/01\/facilities-blue-mare-villas-jacuzzi-1920x1280.jpg 1920w\" sizes=\"auto, (max-width: 320px) 100vw, 320px\" \/><\/a><\/dt><\/dl><\/div><\/p>","protected":false},"excerpt":{"rendered":"<p>Tutte le case vacanza sono state costruite rispettando i principi architettonici dell\u2019isola e l\u2019eredit\u00e0 Ciclade, combinandoli per\u00f2 con servizi di ultimissima generazione. Il nostro obiettivo principale \u00e8 quello di assicurarvi un servizio di qualit\u00e0 e di far in modo godiate al massimo della vostra permanenza. Il complesso dispone di un bar a bordo piscina dove potrete consumare snack, succhi di frutta, caff\u00e8, bevande e cocktail godendo del caldo sole estivo o di musica rilassante in una splendida serata.<\/p>\n","protected":false},"author":1,"featured_media":809,"parent":0,"menu_order":0,"comment_status":"closed","ping_status":"closed","template":"page_facilities.php","meta":{"footnotes":""},"class_list":["post-6","page","type-page","status-publish","has-post-thumbnail","hentry"],"_links":{"self":[{"href":"https:\/\/www.bluemarevillas.com\/it\/wp-json\/wp\/v2\/pages\/6","targetHints":{"allow":["GET"]}}],"collection":[{"href":"https:\/\/www.bluemarevillas.com\/it\/wp-json\/wp\/v2\/pages"}],"about":[{"href":"https:\/\/www.bluemarevillas.com\/it\/wp-json\/wp\/v2\/types\/page"}],"author":[{"embeddable":true,"href":"https:\/\/www.bluemarevillas.com\/it\/wp-json\/wp\/v2\/users\/1"}],"replies":[{"embeddable":true,"href":"https:\/\/www.bluemarevillas.com\/it\/wp-json\/wp\/v2\/comments?post=6"}],"version-history":[{"count":6,"href":"https:\/\/www.bluemarevillas.com\/it\/wp-json\/wp\/v2\/pages\/6\/revisions"}],"predecessor-version":[{"id":828,"href":"https:\/\/www.bluemarevillas.com\/it\/wp-json\/wp\/v2\/pages\/6\/revisions\/828"}],"wp:featuredmedia":[{"embeddable":true,"href":"https:\/\/www.bluemarevillas.com\/it\/wp-json\/wp\/v2\/media\/809"}],"wp:attachment":[{"href":"https:\/\/www.bluemarevillas.com\/it\/wp-json\/wp\/v2\/media?parent=6"}],"curies":[{"name":"wp","href":"https:\/\/api.w.org\/{rel}","templated":true}]}}