{"id":2,"date":"2019-01-17T08:15:05","date_gmt":"2019-01-17T08:15:05","guid":{"rendered":"http:\/\/blue-marevillas.codibee.solutions\/?page_id=2"},"modified":"2019-03-06T13:58:48","modified_gmt":"2019-03-06T13:58:48","slug":"paros-sightseeing","status":"publish","type":"page","link":"https:\/\/www.bluemarevillas.com\/it\/paros-sightseeing\/","title":{"rendered":"Cosa Vedere"},"content":{"rendered":"<p>Oltre alle meravigliose spiagge di sabbia che si estendono lungo le coste di Paros, c\u2019\u00e8 una gran variet\u00e0 di cose da fare, vedere e visitare. Non importa cosa vi piaccia e se siete con amici o famiglia, Paros avr\u00e0 sicuramente qualcosa che soddisfer\u00e0 i vostri desideri:<\/p>\n<p>&nbsp;<\/p>\n<h2>Grotta di Antiparos<\/h2>\n<p>La grotta \u00e8 una delle attrazioni turistiche pi\u00f9 belle e si trova ad Antiparos. \u00c8 inoltre considerata una delle grotte pi\u00f9 famose e affascinanti del mondo. La grotta di Antiparos offre una fusione unica di bellezza naturale e importanza storica. All\u2019interno, le migliaia di stalagmiti e stalattiti, la cui forma cambia a seconda del punto di vista, creano un effetto incantevole. Questa grotta \u00e8 inoltre famosa per i reperti archeologici che sono stati ritrovati al suo interno, che risalgono all\u2019et\u00e0 geometrica e classica. La grotta \u00e8 stata inoltre utilizzata come rifugio per personaggi importanti come Marquis de Nouadel. La stalagmite pi\u00f9 antica sembrerebbe avere 45 milioni di anni, il che la rende la pi\u00f9 antica d\u2019Europa. 411 scalini vi porteranno nelle parti pi\u00f9 nascoste della grotta che ha una profondit\u00e0 di circa 100 metri. L\u2019isola di Antiparos si trova proprio accanto a Paros ed \u00e8 facilmente raggiungibile in barca nelle ore diurne.<\/p>\n<p>&nbsp;<\/p>\n<h2>Percorso a piedi<\/h2>\n<p>Gli amanti del trekking devono assolutamente percorrere la Strada Bizantina che connette Lefkes con il caratteristico villaggio di Prodromos. \u00c8 stata creata durante l\u2019et\u00e0 bizantina e in passato faceva parte dell\u2019arteria centrale che attraversava tutta l\u2019isola, collegando Paroikia a Piso Livadi. \u00c8 un piacevole percorso di circa un\u2019ora e mezza attraverso la natura incontaminata di Paros.<\/p>\n<p>&nbsp;<\/p>\n<h2>Castello veneziano di Naoussa<\/h2>\n<p>Il castello di Naoussa, o Kasteli, \u00e8 piccolo ma di grande importanza se si considera che in passato era il luogo da cui veniva sorvegliata tutta la baia di Naoussa. Il castello veneziano (quasi del tutto affondato oggi) \u00e8 un lavoro realizzato dalla dinastia Sommaripa (XV secolo) e fungeva da fortezza. Dispone di moli visibili sotto l\u2019acqua, utilizzati come argini, e di un muro che termina con una torre circolare costruita su una roccia.<\/p>\n<p>&nbsp;<\/p>\n<h2>Castello di Paroikia<\/h2>\n<p>Fate una passeggiata al castello di Paroikia e a Agios Konstantinos. La collina del castello medievale \u00e8 stato il cuore di questa zona fin dai tempi dei suoi primi abitanti (IV secolo a.c.) e lo \u00e8 ancora oggi. Il castello \u00e8 stato costruito dal duca veneziano di Naxos Sanoudos (XIII sec.) con elementi architettonici appartenenti ad antichi templi. Gli archeologi hanno scoperto la presenza di parti di tre templi arcaici e due templi classici incorporati al suo interno. Di questi, solamente una piccola parte del tempio arcaico di Atene in cima alla collina ha resistito fino ad oggi (VI sec. d.c.). Non lontano dalle fondamenta del tempio \u00e8 stata scoperta una parte del primo insediamento Ciclade. Nella passeggiata verso il castello ci sono piccole chiese, la maggior parte delle quali scolpite nelle pareti, come ad esempio Panagia tou Stavrou, Agia Anna, Agios Markos, Agios Stylianos e il tempio di Agios Konstantinos, magnifico dal punto di vista architettonico, che con il suo giardino al coperto e la spettacolare vista sul mare, si classifica come uno dei pi\u00f9 bei templi dell\u2019Egeo.<\/p>\n<p>&nbsp;<\/p>\n<h2>Musei archeologici<\/h2>\n<p>Il Museo Archeologico di Paros si trova a Paroikia e ospita mostre che risalgono al VI sec. a.c. tra cui i reperti neolitici dell\u2019insediamento preistorico sull\u2019isola di Saliagkos, anaglifi del poeta Archilochos, il famoso \u201cPario Chroniko\u201d (iscrizione in marmo con la storia dell\u2019isola), la statua di Niki da Paros, il mosaico di Hercules etc.<\/p>\n<p>&nbsp;<\/p>\n<h2>Chiesa di Agios Konstantinos<\/h2>\n<p>Si trova nel quartiere Kastro in cima alla antica acropoli di Paros. \u00c8 stata costruita sulle rovine di un antico tempio ed \u00e8 una chiesa a navata singola con una cupola a otto lati e un campanile. La parte esterna \u00e8 ornata da una statua in marmo e la sua iconostasi \u00e8 placcata in oro e con legno incurvato.<\/p>","protected":false},"excerpt":{"rendered":"<p>Godetevi delle svariate opportunit\u00e0 che Paros ha da offrirvi.<\/p>\n","protected":false},"author":8,"featured_media":61,"parent":0,"menu_order":0,"comment_status":"closed","ping_status":"open","template":"","meta":{"footnotes":""},"class_list":["post-2","page","type-page","status-publish","has-post-thumbnail","hentry"],"_links":{"self":[{"href":"https:\/\/www.bluemarevillas.com\/it\/wp-json\/wp\/v2\/pages\/2","targetHints":{"allow":["GET"]}}],"collection":[{"href":"https:\/\/www.bluemarevillas.com\/it\/wp-json\/wp\/v2\/pages"}],"about":[{"href":"https:\/\/www.bluemarevillas.com\/it\/wp-json\/wp\/v2\/types\/page"}],"author":[{"embeddable":true,"href":"https:\/\/www.bluemarevillas.com\/it\/wp-json\/wp\/v2\/users\/8"}],"replies":[{"embeddable":true,"href":"https:\/\/www.bluemarevillas.com\/it\/wp-json\/wp\/v2\/comments?post=2"}],"version-history":[{"count":1,"href":"https:\/\/www.bluemarevillas.com\/it\/wp-json\/wp\/v2\/pages\/2\/revisions"}],"predecessor-version":[{"id":96,"href":"https:\/\/www.bluemarevillas.com\/it\/wp-json\/wp\/v2\/pages\/2\/revisions\/96"}],"wp:featuredmedia":[{"embeddable":true,"href":"https:\/\/www.bluemarevillas.com\/it\/wp-json\/wp\/v2\/media\/61"}],"wp:attachment":[{"href":"https:\/\/www.bluemarevillas.com\/it\/wp-json\/wp\/v2\/media?parent=2"}],"curies":[{"name":"wp","href":"https:\/\/api.w.org\/{rel}","templated":true}]}}