{"id":19,"date":"2019-01-17T08:16:07","date_gmt":"2019-01-17T08:16:07","guid":{"rendered":"http:\/\/blue-marevillas.codibee.solutions\/extra-page-one\/"},"modified":"2024-10-01T14:44:44","modified_gmt":"2024-10-01T14:44:44","slug":"paros-beaches","status":"publish","type":"page","link":"https:\/\/www.bluemarevillas.com\/it\/paros-beaches\/","title":{"rendered":"Spiagge"},"content":{"rendered":"<p>Paros, non a caso, \u00e8 famosa per le sue interminabili spiagge esotiche bagnate dall\u2019acqua cristallina. Molti turisti vengono ogni anno a Paros da ogni parte del mondo per godere del mare e dei magnifici paesaggi che ha da offrire.<\/p>\n<p><strong>Golden Beach<\/strong> \u00e8 una spiaggia di sabbia lunga 700 metri a sud di Parikia. Questa spiaggia, insieme a New Golden Beach, \u00e8 classificata tra i luoghi migliori per praticare windsurf e kitesurf, grazie ai venti forti che soffiano in questa zona. Golden Beach offre inoltre impianti sportivi e appartamenti in affitto in tutta la zona.<\/p>\n<p><strong>Pounda Beach<\/strong> si trova a 2 km da Logaras, a sud-est di Parikia. Pounda \u00e8 una delle spiagge pi\u00f9 famose e affollate di Paros e ci\u00f2 \u00e8 dovuto al fatto che, oltre a offrire una spiaggia completamente attrezzata, mette a disposizione un gran numero di servizi estivi quali piscine, bar sulla spiaggia, ristoranti etc. I visitatori avranno la possibilit\u00e0 nuotare tutto il giorno a ritmo di musica e ballare fino a tarda notte. Pounda Beach \u00e8 facilmente raggiungibile dalla strada.<\/p>\n<p><strong>Logaras Beach<\/strong> \u00e8 una spiaggia di grandezza media con sabbia grossolana situata a una distanza di 20 km a sud di Parikia. Si tratta di una spiaggia adatta alle famiglie, ideale per praticare snorkeling e altri sport, ed \u00e8 circondata da piccole taverne e stanze in affitto.<\/p>\n<p><strong>Kolimbithres<\/strong> \u00e8 una spiaggia molto famosa che deve il suo nome alle rocce che si trovano vicine all\u2019acqua del mare e somigliano a piccole piscine. La spiaggia \u00e8 facilmente raggiungibile a piedi, in autobus e in barca.<\/p>\n<p><strong>Santa Maria<\/strong> \u00e8 una bellissima e ben organizzata spiaggia di sabbia situate vicino al villaggio di Naoussa. Su questa spiaggia \u00e8 possibile anche trovare tutto il necessario per praticare sport acquatici quali windsurf e immersione.<\/p>\n<p><strong>Faragas<\/strong> \u00e8 una baia che consta di due omonime spiagge, una delle quali ben organizzata e l\u2019altra del tutto isolata. Si trova a 3 km da Aliki, che \u00e8 uno dei villaggi pi\u00f9 caratteristici dell\u2019isola.<\/p>","protected":false},"excerpt":{"rendered":"<p>Paros, non a caso, \u00e8 famosa per le sue interminabili spiagge esotiche bagnate dall\u2019acqua cristallina.<\/p>\n","protected":false},"author":1,"featured_media":59,"parent":0,"menu_order":0,"comment_status":"closed","ping_status":"closed","template":"","meta":{"footnotes":""},"class_list":["post-19","page","type-page","status-publish","has-post-thumbnail","hentry"],"_links":{"self":[{"href":"https:\/\/www.bluemarevillas.com\/it\/wp-json\/wp\/v2\/pages\/19","targetHints":{"allow":["GET"]}}],"collection":[{"href":"https:\/\/www.bluemarevillas.com\/it\/wp-json\/wp\/v2\/pages"}],"about":[{"href":"https:\/\/www.bluemarevillas.com\/it\/wp-json\/wp\/v2\/types\/page"}],"author":[{"embeddable":true,"href":"https:\/\/www.bluemarevillas.com\/it\/wp-json\/wp\/v2\/users\/1"}],"replies":[{"embeddable":true,"href":"https:\/\/www.bluemarevillas.com\/it\/wp-json\/wp\/v2\/comments?post=19"}],"version-history":[{"count":4,"href":"https:\/\/www.bluemarevillas.com\/it\/wp-json\/wp\/v2\/pages\/19\/revisions"}],"predecessor-version":[{"id":440,"href":"https:\/\/www.bluemarevillas.com\/it\/wp-json\/wp\/v2\/pages\/19\/revisions\/440"}],"wp:featuredmedia":[{"embeddable":true,"href":"https:\/\/www.bluemarevillas.com\/it\/wp-json\/wp\/v2\/media\/59"}],"wp:attachment":[{"href":"https:\/\/www.bluemarevillas.com\/it\/wp-json\/wp\/v2\/media?parent=19"}],"curies":[{"name":"wp","href":"https:\/\/api.w.org\/{rel}","templated":true}]}}