{"id":6,"date":"2019-01-17T08:16:07","date_gmt":"2019-01-17T08:16:07","guid":{"rendered":"http:\/\/blue-marevillas.codibee.solutions\/facilities\/"},"modified":"2025-06-06T15:18:31","modified_gmt":"2025-06-06T15:18:31","slug":"villas-facilities","status":"publish","type":"page","link":"https:\/\/www.bluemarevillas.com\/fr\/villas-facilities\/","title":{"rendered":"Equipements"},"content":{"rendered":"<p>Toutes les villas ont \u00e9t\u00e9 construites dans le style traditionnel des Cyclades mais sans oublier les \u00e9quipements modernes, et en offrant un service complet de qualit\u00e9 dans une atmosph\u00e8re accueillante. Le m\u00eame concept s\u2019applique pour l\u2019am\u00e9nagement int\u00e9rieur.<\/p>\n<p>Toutes les villas sont \u00e9quip\u00e9es et d\u00e9cor\u00e9es pour satisfaire les exigences les plus \u00e9lev\u00e9es. Avec des v\u00e9randas priv\u00e9es o\u00f9 vous pourrez vous relaxer et profiter du soleil et la vue magnifique sur la baie de Naoussa. L\u2019excellence du service et l\u2019enti\u00e8re satisfaction de vos vacances sont nos principales priorit\u00e9s.<\/p>\n<p>Check in:\u00a015:00<br \/>\nCheck out:\u00a011:00<\/p>\n<p>&nbsp;<\/p>\n<h2>Services<\/h2>\n<p>\u2022M\u00e9nage effectu\u00e9 tous les jours<br \/>\n\u2022Changement des draps et des serviettes tous les deux jours<br \/>\n\u2022Parking gratuit<br \/>\n\u2022Envoi et r\u00e9ception de fax, photocopies<br \/>\n\u2022Consigne\u00e0 bagages lors du d\u00e9part<br \/>\n\u2022Informationspratiques pour chaque occupant<br \/>\n\u2022Navette de\/vers le port\/l\u2019a\u00e9roport sur demande (en suppl\u00e9ment)<br \/>\n\u2022Petits d\u00e9jeuners gratuits<br \/>\n\u2022Wifi gratuit<br \/>\n\u2022Service en chambre jusqu\u2019\u00e0 12h<br \/>\n\u2022Transport des bagages<\/p>\n<h2>Services \u00e0 la demande (payants)<\/h2>\n<p>\u2022Location de voiture, moto ou v\u00e9lo<br \/>\n\u2022Location de voiture de luxe avec ou sans chauffeur<br \/>\n\u2022Massage et aromath\u00e9rapie<br \/>\n\u2022Garde d\u2019enfant<br \/>\n\u2022Excursions et visites de l\u2019ile<br \/>\n\u2022Chef cuisinier<br \/>\n\u2022Diner \u00e0 la demande<br \/>\n\u2022Journal de votre choix (seul le prix du journal est \u00e0 votre charge)<br \/>\n\u2022Service de coiffeur-manucure-p\u00e9dicure<br \/>\n\u2022Service de blanchisserie\/repassage<br \/>\n\u2022Visite d\u2019un m\u00e9decin \u00e0 la demande<br \/>\n\u2022Petit d\u00e9jeuner en chambre<br \/>\n\u2022M\u00e9nage suppl\u00e9mentaire \u00e0 la demande<br \/>\n\u2022Changement suppl\u00e9mentaire des draps ou des serviettes \u00e0 la demande<\/p>\n<h3>Activit\u00e9s<\/h3>\n<p>Nous pouvons organiser pour vous les activit\u00e9s suivantes sur l\u2019ile.<br \/>\nToutes les activit\u00e9s sont fournies \u00e0 la demande et sont factur\u00e9es s\u00e9par\u00e9ment.<br \/>\n\u2022Cano\u00eb<br \/>\n\u2022Ski nautique<br \/>\n\u2022Croisi\u00e8re d\u2019une journ\u00e9e<br \/>\n\u2022VTT<br \/>\n\u2022Kitesurf<br \/>\n\u2022Plong\u00e9e<br \/>\n\u2022Ecole d\u2019\u00e9quitation<br \/>\n\u2022Cours de pil\u00e2tes, de yoga<br \/>\n\u2022Parc aquatique avec toboggan<br \/>\n\u2022Randonn\u00e9e<br \/>\n\u2022P\u00eache<\/p>\n<p><br><br><div class=\"gallery clearfix\"><div class=\"grid-sizer\"><\/div><dl class=\"gallery-item\"><dt class=\"gallery-icon\"><a href=\"https:\/\/www.bluemarevillas.com\/wp-content\/uploads\/sites\/354\/2020\/02\/votsalo-blue-mare-outdoor-jacuzzi-1024x686.jpg\"><img loading=\"lazy\" decoding=\"async\" width=\"320\" height=\"214\" src=\"https:\/\/www.bluemarevillas.com\/wp-content\/uploads\/sites\/354\/2020\/02\/votsalo-blue-mare-outdoor-jacuzzi-320x214.jpg\" class=\"attachment-small-mobile size-small-mobile\" alt=\"\" srcset=\"https:\/\/www.bluemarevillas.com\/wp-content\/uploads\/sites\/354\/2020\/02\/votsalo-blue-mare-outdoor-jacuzzi-320x214.jpg 320w, https:\/\/www.bluemarevillas.com\/wp-content\/uploads\/sites\/354\/2020\/02\/votsalo-blue-mare-outdoor-jacuzzi-300x201.jpg 300w, https:\/\/www.bluemarevillas.com\/wp-content\/uploads\/sites\/354\/2020\/02\/votsalo-blue-mare-outdoor-jacuzzi-1024x686.jpg 1024w, https:\/\/www.bluemarevillas.com\/wp-content\/uploads\/sites\/354\/2020\/02\/votsalo-blue-mare-outdoor-jacuzzi-1280x857.jpg 1280w, https:\/\/www.bluemarevillas.com\/wp-content\/uploads\/sites\/354\/2020\/02\/votsalo-blue-mare-outdoor-jacuzzi-680x455.jpg 680w, https:\/\/www.bluemarevillas.com\/wp-content\/uploads\/sites\/354\/2020\/02\/votsalo-blue-mare-outdoor-jacuzzi-1920x1286.jpg 1920w, https:\/\/www.bluemarevillas.com\/wp-content\/uploads\/sites\/354\/2020\/02\/votsalo-blue-mare-outdoor-jacuzzi.jpg 1990w\" sizes=\"auto, (max-width: 320px) 100vw, 320px\" \/><\/a><\/dt><\/dl><dl class=\"gallery-item\"><dt class=\"gallery-icon\"><a href=\"https:\/\/www.bluemarevillas.com\/wp-content\/uploads\/sites\/354\/2019\/03\/vrachos-villa-vlue-mare-private-jacuzzi-1024x686.jpg\"><img loading=\"lazy\" decoding=\"async\" width=\"320\" height=\"214\" src=\"https:\/\/www.bluemarevillas.com\/wp-content\/uploads\/sites\/354\/2019\/03\/vrachos-villa-vlue-mare-private-jacuzzi-320x214.jpg\" class=\"attachment-small-mobile size-small-mobile\" alt=\"\" srcset=\"https:\/\/www.bluemarevillas.com\/wp-content\/uploads\/sites\/354\/2019\/03\/vrachos-villa-vlue-mare-private-jacuzzi-320x214.jpg 320w, https:\/\/www.bluemarevillas.com\/wp-content\/uploads\/sites\/354\/2019\/03\/vrachos-villa-vlue-mare-private-jacuzzi-300x201.jpg 300w, https:\/\/www.bluemarevillas.com\/wp-content\/uploads\/sites\/354\/2019\/03\/vrachos-villa-vlue-mare-private-jacuzzi-1024x686.jpg 1024w, https:\/\/www.bluemarevillas.com\/wp-content\/uploads\/sites\/354\/2019\/03\/vrachos-villa-vlue-mare-private-jacuzzi-1280x857.jpg 1280w, https:\/\/www.bluemarevillas.com\/wp-content\/uploads\/sites\/354\/2019\/03\/vrachos-villa-vlue-mare-private-jacuzzi-680x455.jpg 680w, https:\/\/www.bluemarevillas.com\/wp-content\/uploads\/sites\/354\/2019\/03\/vrachos-villa-vlue-mare-private-jacuzzi-1920x1286.jpg 1920w, https:\/\/www.bluemarevillas.com\/wp-content\/uploads\/sites\/354\/2019\/03\/vrachos-villa-vlue-mare-private-jacuzzi.jpg 1990w\" sizes=\"auto, (max-width: 320px) 100vw, 320px\" \/><\/a><\/dt><\/dl><dl class=\"gallery-item\"><dt class=\"gallery-icon\"><a href=\"https:\/\/www.bluemarevillas.com\/wp-content\/uploads\/sites\/354\/2020\/02\/votsalo-blue-mare-veranda-1024x686.jpg\"><img loading=\"lazy\" decoding=\"async\" width=\"320\" height=\"214\" src=\"https:\/\/www.bluemarevillas.com\/wp-content\/uploads\/sites\/354\/2020\/02\/votsalo-blue-mare-veranda-320x214.jpg\" class=\"attachment-small-mobile size-small-mobile\" alt=\"\" srcset=\"https:\/\/www.bluemarevillas.com\/wp-content\/uploads\/sites\/354\/2020\/02\/votsalo-blue-mare-veranda-320x214.jpg 320w, https:\/\/www.bluemarevillas.com\/wp-content\/uploads\/sites\/354\/2020\/02\/votsalo-blue-mare-veranda-300x201.jpg 300w, https:\/\/www.bluemarevillas.com\/wp-content\/uploads\/sites\/354\/2020\/02\/votsalo-blue-mare-veranda-1024x686.jpg 1024w, https:\/\/www.bluemarevillas.com\/wp-content\/uploads\/sites\/354\/2020\/02\/votsalo-blue-mare-veranda-1280x857.jpg 1280w, https:\/\/www.bluemarevillas.com\/wp-content\/uploads\/sites\/354\/2020\/02\/votsalo-blue-mare-veranda-680x455.jpg 680w, https:\/\/www.bluemarevillas.com\/wp-content\/uploads\/sites\/354\/2020\/02\/votsalo-blue-mare-veranda-1920x1286.jpg 1920w, https:\/\/www.bluemarevillas.com\/wp-content\/uploads\/sites\/354\/2020\/02\/votsalo-blue-mare-veranda.jpg 1990w\" sizes=\"auto, (max-width: 320px) 100vw, 320px\" \/><\/a><\/dt><\/dl><dl class=\"gallery-item\"><dt class=\"gallery-icon\"><a href=\"https:\/\/www.bluemarevillas.com\/wp-content\/uploads\/sites\/354\/2020\/02\/votsalo-blue-mare-jacuzzi-1024x686.jpg\"><img loading=\"lazy\" decoding=\"async\" width=\"320\" height=\"214\" src=\"https:\/\/www.bluemarevillas.com\/wp-content\/uploads\/sites\/354\/2020\/02\/votsalo-blue-mare-jacuzzi-320x214.jpg\" class=\"attachment-small-mobile size-small-mobile\" alt=\"\" srcset=\"https:\/\/www.bluemarevillas.com\/wp-content\/uploads\/sites\/354\/2020\/02\/votsalo-blue-mare-jacuzzi-320x214.jpg 320w, https:\/\/www.bluemarevillas.com\/wp-content\/uploads\/sites\/354\/2020\/02\/votsalo-blue-mare-jacuzzi-300x201.jpg 300w, https:\/\/www.bluemarevillas.com\/wp-content\/uploads\/sites\/354\/2020\/02\/votsalo-blue-mare-jacuzzi-1024x686.jpg 1024w, https:\/\/www.bluemarevillas.com\/wp-content\/uploads\/sites\/354\/2020\/02\/votsalo-blue-mare-jacuzzi-1280x857.jpg 1280w, https:\/\/www.bluemarevillas.com\/wp-content\/uploads\/sites\/354\/2020\/02\/votsalo-blue-mare-jacuzzi-680x455.jpg 680w, https:\/\/www.bluemarevillas.com\/wp-content\/uploads\/sites\/354\/2020\/02\/votsalo-blue-mare-jacuzzi-1920x1286.jpg 1920w, https:\/\/www.bluemarevillas.com\/wp-content\/uploads\/sites\/354\/2020\/02\/votsalo-blue-mare-jacuzzi.jpg 1990w\" sizes=\"auto, (max-width: 320px) 100vw, 320px\" \/><\/a><\/dt><\/dl><dl class=\"gallery-item\"><dt class=\"gallery-icon\"><a href=\"https:\/\/www.bluemarevillas.com\/wp-content\/uploads\/sites\/354\/2019\/03\/vrachos-villa-vlue-mare-exterior-jacuzzi-1024x686.jpg\"><img loading=\"lazy\" decoding=\"async\" width=\"320\" height=\"214\" src=\"https:\/\/www.bluemarevillas.com\/wp-content\/uploads\/sites\/354\/2019\/03\/vrachos-villa-vlue-mare-exterior-jacuzzi-320x214.jpg\" class=\"attachment-small-mobile size-small-mobile\" alt=\"\" srcset=\"https:\/\/www.bluemarevillas.com\/wp-content\/uploads\/sites\/354\/2019\/03\/vrachos-villa-vlue-mare-exterior-jacuzzi-320x214.jpg 320w, https:\/\/www.bluemarevillas.com\/wp-content\/uploads\/sites\/354\/2019\/03\/vrachos-villa-vlue-mare-exterior-jacuzzi-300x201.jpg 300w, https:\/\/www.bluemarevillas.com\/wp-content\/uploads\/sites\/354\/2019\/03\/vrachos-villa-vlue-mare-exterior-jacuzzi-1024x686.jpg 1024w, https:\/\/www.bluemarevillas.com\/wp-content\/uploads\/sites\/354\/2019\/03\/vrachos-villa-vlue-mare-exterior-jacuzzi-1280x857.jpg 1280w, https:\/\/www.bluemarevillas.com\/wp-content\/uploads\/sites\/354\/2019\/03\/vrachos-villa-vlue-mare-exterior-jacuzzi-680x455.jpg 680w, https:\/\/www.bluemarevillas.com\/wp-content\/uploads\/sites\/354\/2019\/03\/vrachos-villa-vlue-mare-exterior-jacuzzi-1920x1286.jpg 1920w, https:\/\/www.bluemarevillas.com\/wp-content\/uploads\/sites\/354\/2019\/03\/vrachos-villa-vlue-mare-exterior-jacuzzi.jpg 1990w\" sizes=\"auto, (max-width: 320px) 100vw, 320px\" \/><\/a><\/dt><\/dl><dl class=\"gallery-item\"><dt class=\"gallery-icon\"><a href=\"https:\/\/www.bluemarevillas.com\/wp-content\/uploads\/sites\/354\/2019\/03\/vrachos-villa-vlue-mare-jacuzzi-1024x686.jpg\"><img loading=\"lazy\" decoding=\"async\" width=\"320\" height=\"214\" src=\"https:\/\/www.bluemarevillas.com\/wp-content\/uploads\/sites\/354\/2019\/03\/vrachos-villa-vlue-mare-jacuzzi-320x214.jpg\" class=\"attachment-small-mobile size-small-mobile\" alt=\"\" srcset=\"https:\/\/www.bluemarevillas.com\/wp-content\/uploads\/sites\/354\/2019\/03\/vrachos-villa-vlue-mare-jacuzzi-320x214.jpg 320w, https:\/\/www.bluemarevillas.com\/wp-content\/uploads\/sites\/354\/2019\/03\/vrachos-villa-vlue-mare-jacuzzi-300x201.jpg 300w, https:\/\/www.bluemarevillas.com\/wp-content\/uploads\/sites\/354\/2019\/03\/vrachos-villa-vlue-mare-jacuzzi-1024x686.jpg 1024w, https:\/\/www.bluemarevillas.com\/wp-content\/uploads\/sites\/354\/2019\/03\/vrachos-villa-vlue-mare-jacuzzi-1280x857.jpg 1280w, https:\/\/www.bluemarevillas.com\/wp-content\/uploads\/sites\/354\/2019\/03\/vrachos-villa-vlue-mare-jacuzzi-680x455.jpg 680w, https:\/\/www.bluemarevillas.com\/wp-content\/uploads\/sites\/354\/2019\/03\/vrachos-villa-vlue-mare-jacuzzi-1920x1286.jpg 1920w, https:\/\/www.bluemarevillas.com\/wp-content\/uploads\/sites\/354\/2019\/03\/vrachos-villa-vlue-mare-jacuzzi.jpg 1990w\" sizes=\"auto, (max-width: 320px) 100vw, 320px\" \/><\/a><\/dt><\/dl><dl class=\"gallery-item\"><dt class=\"gallery-icon\"><a href=\"https:\/\/www.bluemarevillas.com\/wp-content\/uploads\/sites\/354\/2019\/03\/villa-thalassa-blue-mare-veranda-1024x686.jpg\"><img loading=\"lazy\" decoding=\"async\" width=\"320\" height=\"214\" src=\"https:\/\/www.bluemarevillas.com\/wp-content\/uploads\/sites\/354\/2019\/03\/villa-thalassa-blue-mare-veranda-320x214.jpg\" class=\"attachment-small-mobile size-small-mobile\" alt=\"\" srcset=\"https:\/\/www.bluemarevillas.com\/wp-content\/uploads\/sites\/354\/2019\/03\/villa-thalassa-blue-mare-veranda-320x214.jpg 320w, https:\/\/www.bluemarevillas.com\/wp-content\/uploads\/sites\/354\/2019\/03\/villa-thalassa-blue-mare-veranda-300x201.jpg 300w, https:\/\/www.bluemarevillas.com\/wp-content\/uploads\/sites\/354\/2019\/03\/villa-thalassa-blue-mare-veranda-1024x686.jpg 1024w, https:\/\/www.bluemarevillas.com\/wp-content\/uploads\/sites\/354\/2019\/03\/villa-thalassa-blue-mare-veranda-1280x857.jpg 1280w, https:\/\/www.bluemarevillas.com\/wp-content\/uploads\/sites\/354\/2019\/03\/villa-thalassa-blue-mare-veranda-680x455.jpg 680w, https:\/\/www.bluemarevillas.com\/wp-content\/uploads\/sites\/354\/2019\/03\/villa-thalassa-blue-mare-veranda-1920x1286.jpg 1920w, https:\/\/www.bluemarevillas.com\/wp-content\/uploads\/sites\/354\/2019\/03\/villa-thalassa-blue-mare-veranda.jpg 1990w\" sizes=\"auto, (max-width: 320px) 100vw, 320px\" \/><\/a><\/dt><\/dl><dl class=\"gallery-item\"><dt class=\"gallery-icon\"><a href=\"https:\/\/www.bluemarevillas.com\/wp-content\/uploads\/sites\/354\/2019\/03\/villa-thalassa-blue-mare-balcony-1024x686.jpg\"><img loading=\"lazy\" decoding=\"async\" width=\"320\" height=\"214\" src=\"https:\/\/www.bluemarevillas.com\/wp-content\/uploads\/sites\/354\/2019\/03\/villa-thalassa-blue-mare-balcony-320x214.jpg\" class=\"attachment-small-mobile size-small-mobile\" alt=\"\" srcset=\"https:\/\/www.bluemarevillas.com\/wp-content\/uploads\/sites\/354\/2019\/03\/villa-thalassa-blue-mare-balcony-320x214.jpg 320w, https:\/\/www.bluemarevillas.com\/wp-content\/uploads\/sites\/354\/2019\/03\/villa-thalassa-blue-mare-balcony-300x201.jpg 300w, https:\/\/www.bluemarevillas.com\/wp-content\/uploads\/sites\/354\/2019\/03\/villa-thalassa-blue-mare-balcony-1024x686.jpg 1024w, https:\/\/www.bluemarevillas.com\/wp-content\/uploads\/sites\/354\/2019\/03\/villa-thalassa-blue-mare-balcony-1280x857.jpg 1280w, https:\/\/www.bluemarevillas.com\/wp-content\/uploads\/sites\/354\/2019\/03\/villa-thalassa-blue-mare-balcony-680x455.jpg 680w, https:\/\/www.bluemarevillas.com\/wp-content\/uploads\/sites\/354\/2019\/03\/villa-thalassa-blue-mare-balcony-1920x1286.jpg 1920w, https:\/\/www.bluemarevillas.com\/wp-content\/uploads\/sites\/354\/2019\/03\/villa-thalassa-blue-mare-balcony.jpg 1990w\" sizes=\"auto, (max-width: 320px) 100vw, 320px\" \/><\/a><\/dt><\/dl><dl class=\"gallery-item\"><dt class=\"gallery-icon\"><a href=\"https:\/\/www.bluemarevillas.com\/wp-content\/uploads\/sites\/354\/2019\/03\/villa-thalassa-blue-mare-amenities-1024x686.jpg\"><img loading=\"lazy\" decoding=\"async\" width=\"320\" height=\"214\" src=\"https:\/\/www.bluemarevillas.com\/wp-content\/uploads\/sites\/354\/2019\/03\/villa-thalassa-blue-mare-amenities-320x214.jpg\" class=\"attachment-small-mobile size-small-mobile\" alt=\"\" srcset=\"https:\/\/www.bluemarevillas.com\/wp-content\/uploads\/sites\/354\/2019\/03\/villa-thalassa-blue-mare-amenities-320x214.jpg 320w, https:\/\/www.bluemarevillas.com\/wp-content\/uploads\/sites\/354\/2019\/03\/villa-thalassa-blue-mare-amenities-300x201.jpg 300w, https:\/\/www.bluemarevillas.com\/wp-content\/uploads\/sites\/354\/2019\/03\/villa-thalassa-blue-mare-amenities-1024x686.jpg 1024w, https:\/\/www.bluemarevillas.com\/wp-content\/uploads\/sites\/354\/2019\/03\/villa-thalassa-blue-mare-amenities-1280x858.jpg 1280w, https:\/\/www.bluemarevillas.com\/wp-content\/uploads\/sites\/354\/2019\/03\/villa-thalassa-blue-mare-amenities-680x456.jpg 680w, https:\/\/www.bluemarevillas.com\/wp-content\/uploads\/sites\/354\/2019\/03\/villa-thalassa-blue-mare-amenities-1920x1286.jpg 1920w, https:\/\/www.bluemarevillas.com\/wp-content\/uploads\/sites\/354\/2019\/03\/villa-thalassa-blue-mare-amenities.jpg 1991w\" sizes=\"auto, (max-width: 320px) 100vw, 320px\" \/><\/a><\/dt><\/dl><dl class=\"gallery-item\"><dt class=\"gallery-icon\"><a href=\"https:\/\/www.bluemarevillas.com\/wp-content\/uploads\/sites\/354\/2019\/01\/facilities-blue-mare-villas-the-jacuzzi-1024x683.jpg\"><img loading=\"lazy\" decoding=\"async\" width=\"320\" height=\"213\" src=\"https:\/\/www.bluemarevillas.com\/wp-content\/uploads\/sites\/354\/2019\/01\/facilities-blue-mare-villas-the-jacuzzi-320x213.jpg\" class=\"attachment-small-mobile size-small-mobile\" alt=\"ammos villa jacuzzi\" srcset=\"https:\/\/www.bluemarevillas.com\/wp-content\/uploads\/sites\/354\/2019\/01\/facilities-blue-mare-villas-the-jacuzzi-320x213.jpg 320w, https:\/\/www.bluemarevillas.com\/wp-content\/uploads\/sites\/354\/2019\/01\/facilities-blue-mare-villas-the-jacuzzi-300x200.jpg 300w, https:\/\/www.bluemarevillas.com\/wp-content\/uploads\/sites\/354\/2019\/01\/facilities-blue-mare-villas-the-jacuzzi-1024x683.jpg 1024w, https:\/\/www.bluemarevillas.com\/wp-content\/uploads\/sites\/354\/2019\/01\/facilities-blue-mare-villas-the-jacuzzi-1280x853.jpg 1280w, https:\/\/www.bluemarevillas.com\/wp-content\/uploads\/sites\/354\/2019\/01\/facilities-blue-mare-villas-the-jacuzzi-680x453.jpg 680w, https:\/\/www.bluemarevillas.com\/wp-content\/uploads\/sites\/354\/2019\/01\/facilities-blue-mare-villas-the-jacuzzi-1920x1280.jpg 1920w\" sizes=\"auto, (max-width: 320px) 100vw, 320px\" \/><\/a><\/dt><\/dl><dl class=\"gallery-item\"><dt class=\"gallery-icon\"><a href=\"https:\/\/www.bluemarevillas.com\/wp-content\/uploads\/sites\/354\/2019\/01\/facilities-blue-mare-villas-jacuzzi-1024x683.jpg\"><img loading=\"lazy\" decoding=\"async\" width=\"320\" height=\"213\" src=\"https:\/\/www.bluemarevillas.com\/wp-content\/uploads\/sites\/354\/2019\/01\/facilities-blue-mare-villas-jacuzzi-320x213.jpg\" class=\"attachment-small-mobile size-small-mobile\" alt=\"Asterias jacuzzi\" srcset=\"https:\/\/www.bluemarevillas.com\/wp-content\/uploads\/sites\/354\/2019\/01\/facilities-blue-mare-villas-jacuzzi-320x213.jpg 320w, https:\/\/www.bluemarevillas.com\/wp-content\/uploads\/sites\/354\/2019\/01\/facilities-blue-mare-villas-jacuzzi-300x200.jpg 300w, https:\/\/www.bluemarevillas.com\/wp-content\/uploads\/sites\/354\/2019\/01\/facilities-blue-mare-villas-jacuzzi-1024x683.jpg 1024w, https:\/\/www.bluemarevillas.com\/wp-content\/uploads\/sites\/354\/2019\/01\/facilities-blue-mare-villas-jacuzzi-1280x853.jpg 1280w, https:\/\/www.bluemarevillas.com\/wp-content\/uploads\/sites\/354\/2019\/01\/facilities-blue-mare-villas-jacuzzi-680x453.jpg 680w, https:\/\/www.bluemarevillas.com\/wp-content\/uploads\/sites\/354\/2019\/01\/facilities-blue-mare-villas-jacuzzi-1920x1280.jpg 1920w\" sizes=\"auto, (max-width: 320px) 100vw, 320px\" \/><\/a><\/dt><\/dl><\/div><\/p>","protected":false},"excerpt":{"rendered":"<p>Toutes les villas ont \u00e9t\u00e9 construites en respectant les principes architecturaux de l\u2019ile et le patrimoine des Cyclades tout en offrant les derniers \u00e9quipements. Vous offrir la meilleure qualit\u00e9 de service et le plaisir des vacances sont nos objectifs principaux. Le complexe a un bar de piscine qui propose des en-cas, des jus de fruits, du caf\u00e9, des boissons et des cocktails pendant que vous profiterez des journ\u00e9es ensoleill\u00e9es de l\u2019\u00e9t\u00e9 ainsi que des soir\u00e9es merveilleuses en \u00e9coutant de la musique relaxante.<\/p>\n","protected":false},"author":1,"featured_media":809,"parent":0,"menu_order":0,"comment_status":"closed","ping_status":"closed","template":"page_facilities.php","meta":{"footnotes":""},"class_list":["post-6","page","type-page","status-publish","has-post-thumbnail","hentry"],"_links":{"self":[{"href":"https:\/\/www.bluemarevillas.com\/fr\/wp-json\/wp\/v2\/pages\/6","targetHints":{"allow":["GET"]}}],"collection":[{"href":"https:\/\/www.bluemarevillas.com\/fr\/wp-json\/wp\/v2\/pages"}],"about":[{"href":"https:\/\/www.bluemarevillas.com\/fr\/wp-json\/wp\/v2\/types\/page"}],"author":[{"embeddable":true,"href":"https:\/\/www.bluemarevillas.com\/fr\/wp-json\/wp\/v2\/users\/1"}],"replies":[{"embeddable":true,"href":"https:\/\/www.bluemarevillas.com\/fr\/wp-json\/wp\/v2\/comments?post=6"}],"version-history":[{"count":6,"href":"https:\/\/www.bluemarevillas.com\/fr\/wp-json\/wp\/v2\/pages\/6\/revisions"}],"predecessor-version":[{"id":828,"href":"https:\/\/www.bluemarevillas.com\/fr\/wp-json\/wp\/v2\/pages\/6\/revisions\/828"}],"wp:featuredmedia":[{"embeddable":true,"href":"https:\/\/www.bluemarevillas.com\/fr\/wp-json\/wp\/v2\/media\/809"}],"wp:attachment":[{"href":"https:\/\/www.bluemarevillas.com\/fr\/wp-json\/wp\/v2\/media?parent=6"}],"curies":[{"name":"wp","href":"https:\/\/api.w.org\/{rel}","templated":true}]}}