{"id":20,"date":"2019-01-17T08:16:07","date_gmt":"2019-01-17T08:16:07","guid":{"rendered":"http:\/\/blue-marevillas.codibee.solutions\/extra-page-two\/"},"modified":"2024-10-01T20:46:44","modified_gmt":"2024-10-01T20:46:44","slug":"eat-drink","status":"publish","type":"page","link":"https:\/\/www.bluemarevillas.com\/fr\/eat-drink\/","title":{"rendered":"Manger &amp; Boire"},"content":{"rendered":"<p>Les visiteurs de Paros ont le choix parmi une grande vari\u00e9t\u00e9 de tavernes et restaurants.<\/p>\n<p>Autour des petits ports de Naoussa et Parikia, on peut trouver de nombreuses tavernes et ouzeries servant du poisson frais et de l\u2019ouzo, la boisson alcoolis\u00e9e traditionnelle grecque. D\u2019un autre c\u00f4t\u00e9, l\u2019ensemble de l\u2019ile regorge de restaurants attrayants servant des plats grecs traditionnels particuli\u00e8rement dans les petits villages et les plages s\u2019\u00e9tirant entre Santa Maria au nord et Golden Beach au sud.<\/p>\n<p>Paros est aussi tr\u00e8s active la nuit. Les visiteurs peuvent prendre un verre dans un bar festif ou passer la nuit enti\u00e8re \u00e0 danser dans un des nombreux nightclubs.<\/p>\n<p>M\u00eame si vous souhaitez vous relaxer apr\u00e8s une longue journ\u00e9e de marche et que vous n\u2019avez pas envie de chercher, les petites ruelles de Paros vous guideront vers un charmant petit caf\u00e9. Peu importe o\u00f9 vous alliez ou ce que vous choisirez de faire, Paros est une ile pour tous les gouts.<\/p>","protected":false},"excerpt":{"rendered":"<p>Explorez la vie nocturne et la fabuleuse cuisine grecque de l\u2019ile.<\/p>\n","protected":false},"author":1,"featured_media":56,"parent":0,"menu_order":0,"comment_status":"closed","ping_status":"closed","template":"","meta":{"footnotes":""},"class_list":["post-20","page","type-page","status-publish","has-post-thumbnail","hentry"],"_links":{"self":[{"href":"https:\/\/www.bluemarevillas.com\/fr\/wp-json\/wp\/v2\/pages\/20","targetHints":{"allow":["GET"]}}],"collection":[{"href":"https:\/\/www.bluemarevillas.com\/fr\/wp-json\/wp\/v2\/pages"}],"about":[{"href":"https:\/\/www.bluemarevillas.com\/fr\/wp-json\/wp\/v2\/types\/page"}],"author":[{"embeddable":true,"href":"https:\/\/www.bluemarevillas.com\/fr\/wp-json\/wp\/v2\/users\/1"}],"replies":[{"embeddable":true,"href":"https:\/\/www.bluemarevillas.com\/fr\/wp-json\/wp\/v2\/comments?post=20"}],"version-history":[{"count":4,"href":"https:\/\/www.bluemarevillas.com\/fr\/wp-json\/wp\/v2\/pages\/20\/revisions"}],"predecessor-version":[{"id":446,"href":"https:\/\/www.bluemarevillas.com\/fr\/wp-json\/wp\/v2\/pages\/20\/revisions\/446"}],"wp:featuredmedia":[{"embeddable":true,"href":"https:\/\/www.bluemarevillas.com\/fr\/wp-json\/wp\/v2\/media\/56"}],"wp:attachment":[{"href":"https:\/\/www.bluemarevillas.com\/fr\/wp-json\/wp\/v2\/media?parent=20"}],"curies":[{"name":"wp","href":"https:\/\/api.w.org\/{rel}","templated":true}]}}