{"id":2,"date":"2019-01-17T08:15:05","date_gmt":"2019-01-17T08:15:05","guid":{"rendered":"http:\/\/blue-marevillas.codibee.solutions\/?page_id=2"},"modified":"2019-03-06T13:58:48","modified_gmt":"2019-03-06T13:58:48","slug":"paros-sightseeing","status":"publish","type":"page","link":"https:\/\/www.bluemarevillas.com\/fr\/paros-sightseeing\/","title":{"rendered":"Tourisme"},"content":{"rendered":"<p>En plus des merveilleuses plages de sable qui s\u2019\u00e9tendent le long des c\u00f4tes de Paros, il y a une large vari\u00e9t\u00e9 de choses \u00e0 faire, \u00e0 voir et \u00e0 visiter. Peu importe vos gouts ou si vous \u00eates en famille ou avec des amis, Paros saura combler tous vos d\u00e9sirs.<\/p>\n<p>&nbsp;<\/p>\n<h2>Grotte d\u2019Antiparos<\/h2>\n<p>La grotte est une des plus belles attractions et est situ\u00e9e \u00e0 Antiparos. Elle fait \u00e9galement partie des plus c\u00e9l\u00e8bres et s\u00e9duisantes grottes du monde. La grotte d\u2019Antiparos offre une combinaison unique de beaut\u00e9 naturelle et d\u2019importance historique. D\u2019un c\u00f4t\u00e9, un effet enchanteur est cr\u00e9\u00e9 par les milliers de stalagmites et stalactites qui changent de forme en fonction de l\u2019angle de vue. De l\u2019autre c\u00f4t\u00e9, cette grotte est pr\u00e9cieuse en raison des trouvailles arch\u00e9ologiques qui ont \u00e9t\u00e9 faites et qui datent de l\u2019\u00e8re G\u00e9om\u00e9trique et Classique. La grotte a \u00e9galement servi de refuge \u00e0 des personnalit\u00e9s importantes telles que le Marquis de Nouadel. La plus vieille stalagmite est \u00e2g\u00e9e de 45 millions d\u2019ann\u00e9e, c\u2019est la plus vieille d\u2019Europe. 411 marches vous m\u00e8neront dans les profondeurs de la grotte qui fait environ 100 m\u00e8tres de profond. L\u2019ile d\u2019Antiparos est situ\u00e9e juste \u00e0 c\u00f4t\u00e9 de Paros est facilement accessible en journ\u00e9e par bateau.<\/p>\n<p>&nbsp;<\/p>\n<h2>Parcours P\u00e9destre<\/h2>\n<p>Les amoureux de la randonn\u00e9e se doivent d\u2019emprunter la route Byzantine, reliant Lefkes \u00e0 la cit\u00e9 traditionnelle de Prodromos. Elle a \u00e9t\u00e9 cr\u00e9\u00e9e \u00e0 l\u2019\u00e8re Byzantine, et faisait partie de l\u2019art\u00e8re centrale qui traversait toute l\u2019ile reliant Paroikia \u00e0 Piso Livadi. C\u2019est un parcours charmant d\u2019environ 1 heure et demi \u00e0 travers le paysage vierge de Paros.<\/p>\n<p>&nbsp;<\/p>\n<h2>Ch\u00e2teau V\u00e9nitien de Paros<\/h2>\n<p>Le ch\u00e2teau de Naousa ou Kasteli, est petit mais d\u2019une grande importance car il contr\u00f4lait enti\u00e8rement la baie de Naousa. Le ch\u00e2teau V\u00e9nitien (quasiment \u00e9croul\u00e9 de nos jours) est une r\u00e9alisation de la dynastie de Sommapira (15e si\u00e8cle) est un \u00e9difice fortifi\u00e9 particulier. Il est form\u00e9 de jet\u00e9es visibles sous l\u2019eau qui servaient de brises vagues et d\u2019un mur avec une tour ronde \u00e0 son extr\u00e9mit\u00e9, construit sur un rocher.<\/p>\n<p>&nbsp;<\/p>\n<h2>Ch\u00e2teau de Paroikia<\/h2>\n<p>Ballade dans le ch\u00e2teau de Paroikia et dans Agios Konstantinos. La colline du ch\u00e2teau m\u00e9di\u00e9val est le c\u0153ur de la cit\u00e9 depuis les premiers r\u00e9sidents (4e si\u00e8cle avant JC) jusqu\u2019\u00e0 maintenant. Le ch\u00e2teau a \u00e9t\u00e9 construit par le duc v\u00e9nitien Naxos Sanoudos (13e si\u00e8cle) avec des morceaux d\u2019anciens temples. Des recherches arch\u00e9ologiques ont d\u00e9tect\u00e9 des morceaux de trois temples archa\u00efques et deux de l\u2019\u00e8re classique. Parmi ceux-ci seule une petite partie du temple Archa\u00efque d\u2019Ath\u00e9na est encore visible aujourd\u2019hui (6e si\u00e8cle avant JC) au sommet de l\u2019ile. A c\u00f4t\u00e9 des fondations du temple une partie de la premi\u00e8re colonie des Cyclades a \u00e9t\u00e9 d\u00e9couverte. Pendant votre ballade dans le ch\u00e2teau vous trouverez des petites \u00e9glises, la plupart construites dans les murs, telles que Panagia tou Stavrou, Agia Anna, Agios Markos, Agios Stylianos et le temple splendide sur le plan architectural d\u2019Agios Konstantinos qui abritait une cour prot\u00e9g\u00e9e et une vue spectaculaire sur la mer, un des plus beaux temples de la Mer Eg\u00e9e.<\/p>\n<p>&nbsp;<\/p>\n<h2>Mus\u00e9e arch\u00e9ologique<\/h2>\n<p>Le mus\u00e9e arch\u00e9ologique de Paros est situ\u00e9 \u00e0 Paroikia et abrite des pi\u00e8ces remontant au 6e si\u00e8cle avant JC parmi lesquelles les trouvailles du N\u00e9olithique de la colonie de l\u2019ile de Saliagkos, anaglyphe du po\u00e8te Archilochos, le c\u00e9l\u00e8bre \u00abPario Chroniko \u00bb (Marbre grav\u00e9 avec l\u2019histoire de l\u2019ile), la statue de Niki de Paros, la mosaique d\u2019Hercule, etc\u2026<\/p>\n<p>&nbsp;<\/p>\n<h2>L\u2019\u00e9glise Agios Konstantinos<\/h2>\n<p>Elle est situ\u00e9e dans le quartier de Kastro au sommet de l\u2019ancienne acropole de Paros. Elle a \u00e9t\u00e9 construite sur les ruines d\u2019un ancien temple, c\u2019est une \u00e9glise \u00e0 simple nef, avec un d\u00f4me octogonal et un clocher. L\u2019ext\u00e9rieur est d\u00e9cor\u00e9 de sculptures de marbre et son iconostase est plaqu\u00e9e or et en bois incurv\u00e9.<\/p>","protected":false},"excerpt":{"rendered":"<p>Profitez des nombreuses opportunit\u00e9s de Paros.<\/p>\n","protected":false},"author":8,"featured_media":61,"parent":0,"menu_order":0,"comment_status":"closed","ping_status":"open","template":"","meta":{"footnotes":""},"class_list":["post-2","page","type-page","status-publish","has-post-thumbnail","hentry"],"_links":{"self":[{"href":"https:\/\/www.bluemarevillas.com\/fr\/wp-json\/wp\/v2\/pages\/2","targetHints":{"allow":["GET"]}}],"collection":[{"href":"https:\/\/www.bluemarevillas.com\/fr\/wp-json\/wp\/v2\/pages"}],"about":[{"href":"https:\/\/www.bluemarevillas.com\/fr\/wp-json\/wp\/v2\/types\/page"}],"author":[{"embeddable":true,"href":"https:\/\/www.bluemarevillas.com\/fr\/wp-json\/wp\/v2\/users\/8"}],"replies":[{"embeddable":true,"href":"https:\/\/www.bluemarevillas.com\/fr\/wp-json\/wp\/v2\/comments?post=2"}],"version-history":[{"count":1,"href":"https:\/\/www.bluemarevillas.com\/fr\/wp-json\/wp\/v2\/pages\/2\/revisions"}],"predecessor-version":[{"id":96,"href":"https:\/\/www.bluemarevillas.com\/fr\/wp-json\/wp\/v2\/pages\/2\/revisions\/96"}],"wp:featuredmedia":[{"embeddable":true,"href":"https:\/\/www.bluemarevillas.com\/fr\/wp-json\/wp\/v2\/media\/61"}],"wp:attachment":[{"href":"https:\/\/www.bluemarevillas.com\/fr\/wp-json\/wp\/v2\/media?parent=2"}],"curies":[{"name":"wp","href":"https:\/\/api.w.org\/{rel}","templated":true}]}}