{"id":14,"date":"2019-01-17T08:16:07","date_gmt":"2019-01-17T08:16:07","guid":{"rendered":"http:\/\/blue-marevillas.codibee.solutions\/our-offers\/"},"modified":"2024-10-01T21:32:43","modified_gmt":"2024-10-01T21:32:43","slug":"our-offers","status":"publish","type":"page","link":"https:\/\/www.bluemarevillas.com\/fr\/our-offers\/","title":{"rendered":"Offres"},"content":{"rendered":"<p><\/p>\n<p class=\"tw-data-text tw-text-large tw-ta\" dir=\"ltr\" data-placeholder=\"\u039c\u03b5\u03c4\u03ac\u03c6\u03c1\u03b1\u03c3\u03b7\" data-ved=\"2ahUKEwjZ96nroe2IAxWq1AIHHT7DFNMQ3ewLegQICBAU\" aria-label=\"\u039c\u03b5\u03c4\u03b1\u03c6\u03c1\u03b1\u03c3\u03bc\u03ad\u03bd\u03bf \u03ba\u03b5\u03af\u03bc\u03b5\u03bd\u03bf: Rejoignez le club Blue Mare Villas Members et obtenez jusqu'\u00e0 15% de r\u00e9duction sur vos r\u00e9servations.\"><span class=\"Y2IQFc\" lang=\"fr\">Rejoignez le club Blue Mare Villas Members et obtenez jusqu&#8217;\u00e0 15% de r\u00e9duction sur vos r\u00e9servations.<\/span><\/p>\n<p class=\"tw-data-text tw-text-large tw-ta\" dir=\"ltr\" data-placeholder=\"\u039c\u03b5\u03c4\u03ac\u03c6\u03c1\u03b1\u03c3\u03b7\" data-ved=\"2ahUKEwjZ96nroe2IAxWq1AIHHT7DFNMQ3ewLegQICBAU\" aria-label=\"\u039c\u03b5\u03c4\u03b1\u03c6\u03c1\u03b1\u03c3\u03bc\u03ad\u03bd\u03bf \u03ba\u03b5\u03af\u03bc\u03b5\u03bd\u03bf: cliquez\"><span class=\"Y2IQFc\" lang=\"fr\">cliquez <\/span><a href=\"https:\/\/bluemarevillas.reserve-online.net\/?view=loyalty\" target=\"_blank\" rel=\"noopener\">here<\/a> <span class=\"Y2IQFc\" lang=\"fr\">r\u00e9server maintenant!<\/span><\/p>\n<p><\/p>","protected":false},"excerpt":{"rendered":"<p>Rejoignez le club Blue Mare Villas Members et obtenez jusqu&#8217;\u00e0 15% de r\u00e9duction sur vos r\u00e9servations. cliquez here r\u00e9server maintenant!<\/p>\n","protected":false},"author":1,"featured_media":0,"parent":0,"menu_order":0,"comment_status":"closed","ping_status":"closed","template":"page_offers.php","meta":{"footnotes":""},"class_list":["post-14","page","type-page","status-publish","hentry"],"_links":{"self":[{"href":"https:\/\/www.bluemarevillas.com\/fr\/wp-json\/wp\/v2\/pages\/14","targetHints":{"allow":["GET"]}}],"collection":[{"href":"https:\/\/www.bluemarevillas.com\/fr\/wp-json\/wp\/v2\/pages"}],"about":[{"href":"https:\/\/www.bluemarevillas.com\/fr\/wp-json\/wp\/v2\/types\/page"}],"author":[{"embeddable":true,"href":"https:\/\/www.bluemarevillas.com\/fr\/wp-json\/wp\/v2\/users\/1"}],"replies":[{"embeddable":true,"href":"https:\/\/www.bluemarevillas.com\/fr\/wp-json\/wp\/v2\/comments?post=14"}],"version-history":[{"count":4,"href":"https:\/\/www.bluemarevillas.com\/fr\/wp-json\/wp\/v2\/pages\/14\/revisions"}],"predecessor-version":[{"id":453,"href":"https:\/\/www.bluemarevillas.com\/fr\/wp-json\/wp\/v2\/pages\/14\/revisions\/453"}],"wp:attachment":[{"href":"https:\/\/www.bluemarevillas.com\/fr\/wp-json\/wp\/v2\/media?parent=14"}],"curies":[{"name":"wp","href":"https:\/\/api.w.org\/{rel}","templated":true}]}}