{"id":12,"date":"2019-01-17T08:16:07","date_gmt":"2019-01-17T08:16:07","guid":{"rendered":"http:\/\/blue-marevillas.codibee.solutions\/about-island\/"},"modified":"2019-03-06T13:19:09","modified_gmt":"2019-03-06T13:19:09","slug":"paros-island","status":"publish","type":"page","link":"https:\/\/www.bluemarevillas.com\/fr\/paros-island\/","title":{"rendered":"Paros"},"content":{"rendered":"<p>Paros, une ile des Cyclades, est situ\u00e9e au centre de la mer Eg\u00e9e. Paros est tr\u00e8s r\u00e9put\u00e9e pour ses larges plages de sable et ses villages traditionnels. Parikia et Naoussa sont les villages les plus connus de Paros- les deux \u00e9tant de parfait exemple de l\u2019architecture des Cyclades.<\/p>\n<p>Parikia est un carrefour d\u2019\u00e9changes et de transports dans les Cyclades pendant que Naoussa attire des milliers de touristes tous les ans. Parmi les nombreuses plages magnifiques, la plage de Pounda et New Golden Beach jouissent d\u2019une popularit\u00e9 croissante respectivement pour leurs f\u00eates sans fin et grosses vagues. L\u2019ile de Paros est voisine de Antiparos, une petite ile paisible id\u00e9ale pour les excursions d\u2019un jour.<\/p>\n<p><a href=\"https:\/\/www.ferriesingreece.com\/fr\/destinations\/ferry-to-paros\/?aff=0websites\" target=\"_blank\" rel=\"nofollow\">R\u00e9servez vos bacs<\/a> et voyagez \u00e0 Paros!<\/p>","protected":false},"excerpt":{"rendered":"<p>Paros, une ile des Cyclades, est situ\u00e9e au centre de la mer Eg\u00e9e. Paros est tr\u00e8s r\u00e9put\u00e9e pour ses larges plages de sable.<\/p>\n","protected":false},"author":1,"featured_media":82,"parent":0,"menu_order":0,"comment_status":"closed","ping_status":"closed","template":"","meta":{"footnotes":""},"class_list":["post-12","page","type-page","status-publish","has-post-thumbnail","hentry"],"_links":{"self":[{"href":"https:\/\/www.bluemarevillas.com\/fr\/wp-json\/wp\/v2\/pages\/12","targetHints":{"allow":["GET"]}}],"collection":[{"href":"https:\/\/www.bluemarevillas.com\/fr\/wp-json\/wp\/v2\/pages"}],"about":[{"href":"https:\/\/www.bluemarevillas.com\/fr\/wp-json\/wp\/v2\/types\/page"}],"author":[{"embeddable":true,"href":"https:\/\/www.bluemarevillas.com\/fr\/wp-json\/wp\/v2\/users\/1"}],"replies":[{"embeddable":true,"href":"https:\/\/www.bluemarevillas.com\/fr\/wp-json\/wp\/v2\/comments?post=12"}],"version-history":[{"count":1,"href":"https:\/\/www.bluemarevillas.com\/fr\/wp-json\/wp\/v2\/pages\/12\/revisions"}],"predecessor-version":[{"id":83,"href":"https:\/\/www.bluemarevillas.com\/fr\/wp-json\/wp\/v2\/pages\/12\/revisions\/83"}],"wp:featuredmedia":[{"embeddable":true,"href":"https:\/\/www.bluemarevillas.com\/fr\/wp-json\/wp\/v2\/media\/82"}],"wp:attachment":[{"href":"https:\/\/www.bluemarevillas.com\/fr\/wp-json\/wp\/v2\/media?parent=12"}],"curies":[{"name":"wp","href":"https:\/\/api.w.org\/{rel}","templated":true}]}}